{"id":11386,"date":"2018-08-06T09:42:15","date_gmt":"2018-08-06T08:42:15","guid":{"rendered":"http:\/\/fcliege.be\/fr\/?page_id=11386"},"modified":"2019-05-19T18:36:43","modified_gmt":"2019-05-19T17:36:43","slug":"une-rencontre-un-joueur","status":"publish","type":"page","link":"https:\/\/fcliege.be\/fr\/une-rencontre-un-joueur\/","title":{"rendered":"Une rencontre, un joueur&#8230;"},"content":{"rendered":"<p><strong>Avant chaque match, nous vous emmenons \u00e0 la rencontre\u00a0d&rsquo;un joueur (ou entra\u00eeneur) de notre \u00e9quipe premi\u00e8re. Une mani\u00e8re de\u00a0faire connaissance avec les\u00a0Sang et Marine, de d\u00e9couvrir leur carri\u00e8re, leurs objectifs, leurs passions&#8230;<\/strong><\/p>\n<p><a href=\"https:\/\/fcliege.be\/fr\/?p=11390\">Arthur CREMER<\/a><\/p>\n<p><a href=\"https:\/\/fcliege.be\/fr\/une-rencontre-un-joueur-matteo-raia\/\">Matteo RAIA<\/a><\/p>\n<p><a href=\"https:\/\/fcliege.be\/fr\/une-rencontre-un-joueur-maxime-raskin\/\">Maxime RASKIN<\/a><\/p>\n<p><a href=\"https:\/\/fcliege.be\/fr\/une-rencontre-un-joueur-tristan-merchie-un-autre-jeune-bien-de-chez-nous\/\">Tristan MERCHIE<\/a><\/p>\n<p><a href=\"https:\/\/fcliege.be\/fr\/une-rencontre-un-joueur-jordan-bustin\/\">Jordan BUSTIN<\/a><\/p>\n<p><a href=\"https:\/\/fcliege.be\/fr\/une-rencontre-un-joueur-yoshi-marien\/\">Yoshi MARI\u00cbN<\/a><\/p>\n<p><a href=\"https:\/\/fcliege.be\/fr\/une-rencontre-un-joueur-armel-body\/\">Armel BODY<\/a><\/p>\n<p><a href=\"https:\/\/fcliege.be\/fr\/une-rencontre-un-joueur-loic-reciputi\/\">Lo\u00efc RECIPUTI<\/a><\/p>\n<p><a href=\"https:\/\/fcliege.be\/fr\/une-rencontre-un-joueur-romain-kakou-mathys\/\">Romain \u00ab\u00a0Kakou\u00a0\u00bb MATTHYS<\/a><\/p>\n<p><a href=\"https:\/\/fcliege.be\/fr\/une-rencontre-un-joueur-benoit-bruggeman\/\">Beno\u00eet BRUGGEMAN<\/a><\/p>\n<p><a href=\"https:\/\/fcliege.be\/fr\/une-rencontre-un-joueur-yady-bangoura\/\">Yady BANGOURA<\/a><\/p>\n<p><a href=\"https:\/\/fcliege.be\/fr\/une-rencontre-un-joueur-tom-roland\/\">Tom ROLAND<\/a><\/p>\n<p><a href=\"https:\/\/fcliege.be\/fr\/une-rencontre-un-joueur-damien-mouchamps-2\/\">Damien MOUCHAMPS<\/a><\/p>\n<p><a href=\"https:\/\/fcliege.be\/fr\/11961\/\">Randy GIARGIANA<\/a><\/p>\n<p><a href=\"https:\/\/fcliege.be\/fr\/une-rencontre-un-joueur-emmanuel-massa\/\">Manu MASSA<\/a><\/p>\n<p><a href=\"https:\/\/fcliege.be\/fr\/une-rencontre-un-joueur-benjamin-van-den-ackerveken\/\">Benjamin VAN DEN ACKERVEKEN<\/a><\/p>\n<p><a href=\"https:\/\/fcliege.be\/fr\/une-rencontre-un-joueur-erwin-senakuku\/\">Erwin SENAKUKU<\/a><\/p>\n<p><a href=\"https:\/\/fcliege.be\/fr\/une-rencontre-un-joueur-simon-ligot\/\">Simon LIGOT<\/a><\/p>\n<p><a href=\"https:\/\/fcliege.be\/fr\/une-rencontre-un-joueur-sergio-teruel-diaz\/\">Sergio TERUEL DIAZ<\/a><\/p>\n<p><a href=\"https:\/\/fcliege.be\/fr\/une-rencontre-un-joueur-paul-armand-niankou\/\">Paul Armand NIANKOU<\/a><\/p>\n<p><a href=\"https:\/\/fcliege.be\/fr\/une-rencontre-un-joueur-arnaud-winandts\/\">Arnaud WINANDTS<\/a><\/p>\n<p><a href=\"https:\/\/fcliege.be\/fr\/une-rencontre-un-joueur-eric-vandebon\/\">Eric VANDEBON<\/a><\/p>\n<p><a href=\"https:\/\/fcliege.be\/fr\/une-rencontre-un-joueur-quentin-ronvaux\/\">Quentin RONVAUX<\/a><\/p>\n<p><a href=\"https:\/\/fcliege.be\/fr\/une-rencontre-un-joueur-didier-amou-djaba\/\">Didier AMOU DJABA<\/a><\/p>\n<p><a href=\"https:\/\/fcliege.be\/fr\/une-rencontre-un-entraineur-robert-coutereels\/\">Robert COUTEREELS (T3)<\/a><\/p>\n<p><a href=\"https:\/\/fcliege.be\/fr\/une-rencontre-un-entraineur-pierre-drouguet\/\">Pierre DROUGUET (TK)<\/a><\/p>\n","protected":false},"excerpt":{"rendered":"<p>Avant chaque match, nous vous emmenons \u00e0 la rencontre\u00a0d&rsquo;un joueur (ou entra\u00eeneur) de notre \u00e9quipe premi\u00e8re. Une mani\u00e8re de\u00a0faire connaissance avec les\u00a0Sang et Marine, de d\u00e9couvrir leur carri\u00e8re, leurs objectifs, leurs passions&#8230; Arthur CREMER Matteo RAIA Maxime RASKIN Tristan MERCHIE Jordan BUSTIN Yoshi MARI\u00cbN Armel BODY Lo\u00efc RECIPUTI Romain \u00ab\u00a0Kakou\u00a0\u00bb MATTHYS Beno\u00eet BRUGGEMAN Yady BANGOURA [&hellip;]<\/p>\n","protected":false},"author":9,"featured_media":0,"parent":0,"menu_order":0,"comment_status":"closed","ping_status":"closed","template":"page-nosidebar.php","meta":{"iawp_total_views":3},"_links":{"self":[{"href":"https:\/\/fcliege.be\/fr\/wp-json\/wp\/v2\/pages\/11386"}],"collection":[{"href":"https:\/\/fcliege.be\/fr\/wp-json\/wp\/v2\/pages"}],"about":[{"href":"https:\/\/fcliege.be\/fr\/wp-json\/wp\/v2\/types\/page"}],"author":[{"embeddable":true,"href":"https:\/\/fcliege.be\/fr\/wp-json\/wp\/v2\/users\/9"}],"replies":[{"embeddable":true,"href":"https:\/\/fcliege.be\/fr\/wp-json\/wp\/v2\/comments?post=11386"}],"version-history":[{"count":40,"href":"https:\/\/fcliege.be\/fr\/wp-json\/wp\/v2\/pages\/11386\/revisions"}],"predecessor-version":[{"id":12886,"href":"https:\/\/fcliege.be\/fr\/wp-json\/wp\/v2\/pages\/11386\/revisions\/12886"}],"wp:attachment":[{"href":"https:\/\/fcliege.be\/fr\/wp-json\/wp\/v2\/media?parent=11386"}],"curies":[{"name":"wp","href":"https:\/\/api.w.org\/{rel}","templated":true}]}}