{"id":226,"date":"2013-09-10T21:01:45","date_gmt":"2013-09-10T20:01:45","guid":{"rendered":"http:\/\/fcliege.be\/fr\/?page_id=226"},"modified":"2025-04-17T13:58:47","modified_gmt":"2025-04-17T12:58:47","slug":"repas-vip","status":"publish","type":"page","link":"https:\/\/fcliege.be\/fr\/repas-vip\/","title":{"rendered":"Repas VIP"},"content":{"rendered":"\n<h4 class=\"wp-block-heading\"><strong>Lors de chaque match \u00e0 domicile, le RFC Li\u00e8ge vous propose une r\u00e9ception d&rsquo;avant match au sein de son espace VIP. Au programme : un menu 3 services avec ap\u00e9ritif, vins \u00e0 discr\u00e9tion et acc\u00e8s au match.<\/strong><\/h4>\n\n\n\n<p><strong>Vous souhaitez \u00eatre tenu inform\u00e9 de nos prochaines r\u00e9ceptions ?<\/strong><\/p>\n\n\n\n<p>Contactez Alain <strong>Pappaert<\/strong> sans h\u00e9siter : <a href=\"mailto:ap@fcliege.be\">ap@fcliege.be<\/a><\/p>\n","protected":false},"excerpt":{"rendered":"<p>Lors de chaque match \u00e0 domicile, le RFC Li\u00e8ge vous propose une r\u00e9ception d&rsquo;avant match au sein de son espace VIP. Au programme : un menu 3 services avec ap\u00e9ritif, vins \u00e0 discr\u00e9tion et acc\u00e8s au match. Vous souhaitez \u00eatre tenu inform\u00e9 de nos prochaines r\u00e9ceptions ? Contactez Alain Pappaert sans h\u00e9siter : ap@fcliege.be<\/p>\n","protected":false},"author":1,"featured_media":13433,"parent":0,"menu_order":0,"comment_status":"open","ping_status":"open","template":"","meta":{"iawp_total_views":621},"_links":{"self":[{"href":"https:\/\/fcliege.be\/fr\/wp-json\/wp\/v2\/pages\/226"}],"collection":[{"href":"https:\/\/fcliege.be\/fr\/wp-json\/wp\/v2\/pages"}],"about":[{"href":"https:\/\/fcliege.be\/fr\/wp-json\/wp\/v2\/types\/page"}],"author":[{"embeddable":true,"href":"https:\/\/fcliege.be\/fr\/wp-json\/wp\/v2\/users\/1"}],"replies":[{"embeddable":true,"href":"https:\/\/fcliege.be\/fr\/wp-json\/wp\/v2\/comments?post=226"}],"version-history":[{"count":18,"href":"https:\/\/fcliege.be\/fr\/wp-json\/wp\/v2\/pages\/226\/revisions"}],"predecessor-version":[{"id":28627,"href":"https:\/\/fcliege.be\/fr\/wp-json\/wp\/v2\/pages\/226\/revisions\/28627"}],"wp:featuredmedia":[{"embeddable":true,"href":"https:\/\/fcliege.be\/fr\/wp-json\/wp\/v2\/media\/13433"}],"wp:attachment":[{"href":"https:\/\/fcliege.be\/fr\/wp-json\/wp\/v2\/media?parent=226"}],"curies":[{"name":"wp","href":"https:\/\/api.w.org\/{rel}","templated":true}]}}