{"id":23260,"date":"2023-08-23T00:03:19","date_gmt":"2023-08-22T22:03:19","guid":{"rendered":"https:\/\/fcliege.be\/fr\/?page_id=23260"},"modified":"2025-04-15T10:42:51","modified_gmt":"2025-04-15T09:42:51","slug":"comite-de-vigilance","status":"publish","type":"page","link":"https:\/\/fcliege.be\/fr\/comite-de-vigilance\/","title":{"rendered":"Comit\u00e9 de vigilance"},"content":{"rendered":"\n<p><\/p>\n\n\n\n<p><strong>Mission :<\/strong><\/p>\n\n\n\n<p>Examiner &#8211; lorsqu\u2019il a \u00e9t\u00e9 saisi, soit d\u2019office, soit par un entra\u00eeneur, soit par le Directeur G\u00e9n\u00e9ral, soit par la potentielle victime \u2013 si le comportement d\u00e9nonc\u00e9 est transgressif et ind\u00e9sirable. Si le comportement est reconnu tel, le Comit\u00e9 de vigilance prononcera la mesure qui s\u2019impose.<\/p>\n\n\n\n<p>Ind\u00e9pendamment des mesures d\u2019accompagnement propos\u00e9es \u00e0 la victime, le Comit\u00e9 de vigilance peut \u00e0 l\u2019\u00e9gard de l\u2019auteur prendre l\u2019une des mesures suivantes : bl\u00e2me, r\u00e9primande, suspension, exclusion, obligation de suivre une formation.<\/p>\n\n\n\n<p>Le Comit\u00e9 de vigilance peut s\u2019entourer de conseils de sp\u00e9cialistes et d\u2019experts. Il peut aussi conseiller au plaignant de s\u2019adresser \u00e0 la Police ou \u00e0 la Chambre Nationale RBFA contre le racisme et la discrimination.<\/p>\n\n\n\n<p><strong>Composition :<\/strong><\/p>\n\n\n\n<p>Le Comit\u00e9 de vigilance est compos\u00e9 de six membres nomm\u00e9s par le Directeur G\u00e9n\u00e9ral du Club pour une dur\u00e9e de trois ans :<\/p>\n\n\n\n<p>&#8211; <strong>Francis Lhoest<\/strong>, premier vice-pr\u00e9sident du Comit\u00e9 Provincial de Li\u00e8ge<br>&#8211; <strong>Laurence Deom<\/strong>, fonctionnaire<br>&#8211; <strong>Patrice Brahy<\/strong>, responsable financier de l\u2019Huderf (H\u00f4pital des Enfants Reine Fabiola \u00e0 Bruxelles)<br>&#8211; <strong>Luc Ernes<\/strong>, ancien joueur RFCL<br>&#8211; <strong>Denise Chabot<\/strong>, gestionnaire administrative SPI<br>&#8211; <strong>Leonard Herfs<\/strong>, entrepreneur<\/p>\n\n\n\n<p>Secr\u00e9taire du Comit\u00e9 : <strong>Geoffrey Hanson<\/strong>.<\/p>\n\n\n\n<p>Un pr\u00e9sident et un vice-pr\u00e9sident seront \u00e9lus entre et par les membres du Comit\u00e9.<\/p>\n\n\n\n<p>Le Comit\u00e9 de vigilance est compos\u00e9 de deux chambres de trois membres pr\u00e9sid\u00e9es respectivement par le Pr\u00e9sident et le vice-Pr\u00e9sident.<\/p>\n\n\n\n<p><strong>Fonctionnement :<\/strong><\/p>\n\n\n\n<p>Le Comit\u00e9 de vigilance est saisi par une plainte adress\u00e9e par mail \u00e0 <a rel=\"noreferrer noopener\" href=\"mailto:administration@fcliege.be\" target=\"_blank\"><strong>administration@fcliege.be<\/strong><\/a>. Il doit se r\u00e9unir dans les dix jours de sa saisine. Le Comit\u00e9 de vigilance peut se r\u00e9unir soit physiquement soit par visio-conf\u00e9rence.<\/p>\n\n\n\n<p>Les d\u00e9cisions du Comit\u00e9 de vigilance sont prises apr\u00e8s que le plaignant et le suppos\u00e9 responsable du comportement transgressif et ind\u00e9sirable aient \u00e9t\u00e9 entendus. Ils peuvent \u00eatre assist\u00e9s d\u2019un avocat.<\/p>\n\n\n\n<p>Si les parties le souhaitent, elles pourront faire entendre des t\u00e9moins pour autant que le Comit\u00e9 de vigilance en ait \u00e9t\u00e9 averti. Les d\u00e9cisions sont prises \u00e0 la majorit\u00e9.<\/p>\n\n\n\n<h5 class=\"wp-block-heading\"><a href=\"https:\/\/fcliege.be\/fr\/il-fait-bon-vivre-au-rfcl\/\">&gt; <strong>EN SAVOIR PLUS SUR LES \u00ab\u00a0COMPORTEMENTS TRANSGRESSIFS\u00a0\u00bb ? CLIQUEZ ICI<\/strong><\/a><\/h5>\n","protected":false},"excerpt":{"rendered":"<p>Mission : Examiner &#8211; lorsqu\u2019il a \u00e9t\u00e9 saisi, soit d\u2019office, soit par un entra\u00eeneur, soit par le Directeur G\u00e9n\u00e9ral, soit par la potentielle victime \u2013 si le comportement d\u00e9nonc\u00e9 est transgressif et ind\u00e9sirable. Si le comportement est reconnu tel, le Comit\u00e9 de vigilance prononcera la mesure qui s\u2019impose. Ind\u00e9pendamment des mesures d\u2019accompagnement propos\u00e9es \u00e0 la [&hellip;]<\/p>\n","protected":false},"author":12,"featured_media":0,"parent":0,"menu_order":0,"comment_status":"closed","ping_status":"closed","template":"","meta":{"iawp_total_views":469},"_links":{"self":[{"href":"https:\/\/fcliege.be\/fr\/wp-json\/wp\/v2\/pages\/23260"}],"collection":[{"href":"https:\/\/fcliege.be\/fr\/wp-json\/wp\/v2\/pages"}],"about":[{"href":"https:\/\/fcliege.be\/fr\/wp-json\/wp\/v2\/types\/page"}],"author":[{"embeddable":true,"href":"https:\/\/fcliege.be\/fr\/wp-json\/wp\/v2\/users\/12"}],"replies":[{"embeddable":true,"href":"https:\/\/fcliege.be\/fr\/wp-json\/wp\/v2\/comments?post=23260"}],"version-history":[{"count":21,"href":"https:\/\/fcliege.be\/fr\/wp-json\/wp\/v2\/pages\/23260\/revisions"}],"predecessor-version":[{"id":28561,"href":"https:\/\/fcliege.be\/fr\/wp-json\/wp\/v2\/pages\/23260\/revisions\/28561"}],"wp:attachment":[{"href":"https:\/\/fcliege.be\/fr\/wp-json\/wp\/v2\/media?parent=23260"}],"curies":[{"name":"wp","href":"https:\/\/api.w.org\/{rel}","templated":true}]}}