{"id":28613,"date":"2025-04-18T09:00:00","date_gmt":"2025-04-18T08:00:00","guid":{"rendered":"https:\/\/fcliege.be\/fr\/?page_id=28613"},"modified":"2025-04-17T13:51:01","modified_gmt":"2025-04-17T12:51:01","slug":"ticketing-2","status":"publish","type":"page","link":"https:\/\/fcliege.be\/fr\/ticketing-2\/","title":{"rendered":"Billetterie"},"content":{"rendered":"\n<figure class=\"wp-block-image size-large\"><a href=\"https:\/\/ticketing.fcliege.be\" target=\"_blank\" rel=\"noreferrer noopener\"><img decoding=\"async\" loading=\"lazy\" width=\"1024\" height=\"269\" src=\"https:\/\/fcliege.be\/fr\/wp-content\/uploads\/2025\/04\/eticket-1024x269.jpg\" alt=\"\" class=\"wp-image-28616\" srcset=\"https:\/\/fcliege.be\/fr\/wp-content\/uploads\/2025\/04\/eticket-1024x269.jpg 1024w, https:\/\/fcliege.be\/fr\/wp-content\/uploads\/2025\/04\/eticket-300x79.jpg 300w, https:\/\/fcliege.be\/fr\/wp-content\/uploads\/2025\/04\/eticket-768x202.jpg 768w\" sizes=\"(max-width: 1024px) 100vw, 1024px\" \/><\/a><\/figure>\n\n\n\n<p><\/p>\n\n\n\n<h4 class=\"wp-block-heading\"><strong>PRIX POUR UN MATCH DE CHALLENGER PRO LEAGUE EN 2025-2026<\/strong><\/h4>\n\n\n\n<p>\u2013&nbsp;<strong>Tribune debout et assise non couverte&nbsp;<\/strong>: 18 \u20ac<br>\u2013&nbsp;<strong>Tribune debout et assise non couverte de 12 \u00e0 16 ans&nbsp;<\/strong>: 5 \u20ac<br>\u2013&nbsp;<strong>Tribune debout et assise non couverte de 0 \u00e0 12 ans&nbsp;<\/strong>: gratuit<br>\u2013&nbsp;<strong>Tribune assise couverte<\/strong>&nbsp;: 30 \u20ac<br>\u2013&nbsp;<strong>Tribune assise couverte de 0 \u00e0 16 ans<\/strong>&nbsp;: 10 \u20ac<\/p>\n\n\n\n<p>*Un co\u00fbt administratif de 2 \u20ac est appliqu\u00e9 pour tout achat de ticket au guichet du stade \u00e0 partir d&rsquo;1h avant le match. Nos conseils pour r\u00e9duire les files \u00e0 l&rsquo;entr\u00e9e : privil\u00e9giez l\u2019achat de vos billets en ligne, rendez-vous aux permanences en semaine, venez t\u00f4t au stade, cr\u00e9ez votre compte utilisateur avant le jour de match.<\/p>\n\n\n\n<p>Du personnel suppl\u00e9mentaire a \u00e9t\u00e9 pr\u00e9vu. Notre objectif est de rendre votre exp\u00e9rience la plus agr\u00e9able possible, tout en respectant les r\u00e9glementations en vigueur.<\/p>\n\n\n\n<p><strong><a rel=\"noreferrer noopener\" href=\"https:\/\/ticketing.fcliege.be\" target=\"_blank\">&gt; BILLETTERIE EN LIGNE : ticketing.fcliege.be<\/a><\/strong><\/p>\n\n\n\n<hr class=\"wp-block-separator has-alpha-channel-opacity\"\/>\n\n\n\n<p><em><strong>Conditions g\u00e9n\u00e9rales de vente<\/strong>. La collecte et\/ou la transmission et\/ou la production et\/ou la diffusion de toute information ou donn\u00e9e concernant le d\u00e9roulement du match, le comportement ou tout autre facteur dans un match, ou tout type d&rsquo;enregistrement de tout mat\u00e9riel audio, vid\u00e9o ou audiovisuel dans un match (que ce soit par l&rsquo;utilisation d&rsquo;appareils \u00e9lectroniques ou autrement) aux fins de toute forme de pari, de jeu ou d&rsquo;activit\u00e9s commerciales qui n&rsquo;ont pas \u00e9t\u00e9 autoris\u00e9es \u00e0 l&rsquo;avance ou pour toute autre fin qui viole ces termes et conditions, est strictement interdite au Stade, sauf si l&rsquo;autorisation ou la permission est express\u00e9ment accord\u00e9e par la Pro League et le Club. Les t\u00e9l\u00e9phones portables ne peuvent \u00eatre utilis\u00e9s que pour un usage personnel et priv\u00e9. En cas de violation des pr\u00e9sentes conditions g\u00e9n\u00e9rales, les visiteurs peuvent se voir refuser l&rsquo;acc\u00e8s au stade ou en \u00eatre retir\u00e9s.<\/em><\/p>\n\n\n\n<p><em><strong>Distributeur l\u00e9gal ticketing : RFCL SA<\/strong><br>Adresse : Rue de la Tonne 80, 4000 Li\u00e8ge<br>Num\u00e9ro d\u2019entreprise : BE 0838 180 067<br>Coordonn\u00e9es bancaires : IBAN BE63 0016 4670 1908<\/em><\/p>\n\n\n\n<p><em><strong>Distributeur l\u00e9gal cashless : Ecole des jeunes du RFCL ASBL<br><\/strong>Adresse : Rue de la Tonne 80, 4000 Li\u00e8ge<br>Num\u00e9ro d&rsquo;entreprise : BE&nbsp;0838 251 729<br>Coordonn\u00e9es bancaires :&nbsp;BE11 0016 4701 6348<\/em><\/p>\n","protected":false},"excerpt":{"rendered":"<p>PRIX POUR UN MATCH DE CHALLENGER PRO LEAGUE EN 2025-2026 \u2013&nbsp;Tribune debout et assise non couverte&nbsp;: 18 \u20ac\u2013&nbsp;Tribune debout et assise non couverte de 12 \u00e0 16 ans&nbsp;: 5 \u20ac\u2013&nbsp;Tribune debout et assise non couverte de 0 \u00e0 12 ans&nbsp;: gratuit\u2013&nbsp;Tribune assise couverte&nbsp;: 30 \u20ac\u2013&nbsp;Tribune assise couverte de 0 \u00e0 16 ans&nbsp;: 10 \u20ac *Un [&hellip;]<\/p>\n","protected":false},"author":12,"featured_media":12818,"parent":0,"menu_order":0,"comment_status":"open","ping_status":"open","template":"page.php","meta":{"iawp_total_views":15726},"_links":{"self":[{"href":"https:\/\/fcliege.be\/fr\/wp-json\/wp\/v2\/pages\/28613"}],"collection":[{"href":"https:\/\/fcliege.be\/fr\/wp-json\/wp\/v2\/pages"}],"about":[{"href":"https:\/\/fcliege.be\/fr\/wp-json\/wp\/v2\/types\/page"}],"author":[{"embeddable":true,"href":"https:\/\/fcliege.be\/fr\/wp-json\/wp\/v2\/users\/12"}],"replies":[{"embeddable":true,"href":"https:\/\/fcliege.be\/fr\/wp-json\/wp\/v2\/comments?post=28613"}],"version-history":[{"count":7,"href":"https:\/\/fcliege.be\/fr\/wp-json\/wp\/v2\/pages\/28613\/revisions"}],"predecessor-version":[{"id":28623,"href":"https:\/\/fcliege.be\/fr\/wp-json\/wp\/v2\/pages\/28613\/revisions\/28623"}],"wp:featuredmedia":[{"embeddable":true,"href":"https:\/\/fcliege.be\/fr\/wp-json\/wp\/v2\/media\/12818"}],"wp:attachment":[{"href":"https:\/\/fcliege.be\/fr\/wp-json\/wp\/v2\/media?parent=28613"}],"curies":[{"name":"wp","href":"https:\/\/api.w.org\/{rel}","templated":true}]}}