{"id":599,"date":"2013-12-26T14:30:40","date_gmt":"2013-12-26T13:30:40","guid":{"rendered":"http:\/\/fcliege.be\/fr\/?page_id=599"},"modified":"2026-03-31T11:42:34","modified_gmt":"2026-03-31T09:42:34","slug":"clubs-de-supporters-du-rfc-liege","status":"publish","type":"page","link":"https:\/\/fcliege.be\/fr\/clubs-de-supporters-du-rfc-liege\/","title":{"rendered":"Clubs de supporters"},"content":{"rendered":"\n<h4 class=\"wp-block-heading\"><strong>CHARTE DES CLUBS OFFICIELS DE SUPPORTERS DU RFCL<\/strong><\/h4>\n\n\n\n<p><strong>Article 1<\/strong> : Nous, supporters, faisons de chaque rencontre sportive un moment privil\u00e9gi\u00e9, une f\u00eate, quelle que soit l\u2019importance de l\u2019enjeu.<\/p>\n\n\n\n<p><strong>Article 2<\/strong> : Nous nous conformons aux r\u00e8gles et \u00e0 l\u2019\u00e9thique sportive, notamment en respectant le corps arbitral, les dirigeants, les joueurs ainsi que les autres supporters.<\/p>\n\n\n\n<p><strong>Article 3<\/strong> : Nous nous refusons \u00e0 mener toute action qui nuirait \u00e0 notre propre s\u00e9curit\u00e9, \u00e0 celle d\u2019autrui, \u00e0 la bonne organisation d\u2019un match ou d\u2019un d\u00e9placement.<\/p>\n\n\n\n<p><strong>Article 4<\/strong> : Nous respectons les consignes de s\u00e9curit\u00e9 ainsi que les personnes charg\u00e9es de leur diffusion et de leur application : les stewards de notre club et ceux du club adverse.<\/p>\n\n\n\n<p><strong>Article 5<\/strong> : Nous nous engageons \u00e0 pr\u00e9server les installations de toute d\u00e9gradation afin de ne pas entraver la bonne progression du club et \u00e0 respecter notre environnement tant \u00e0 l\u2019int\u00e9rieur qu\u2019\u00e0 l\u2019ext\u00e9rieur du stade.<\/p>\n\n\n\n<p><strong>Article 6<\/strong> : Nous nous abstenons de tout comportement ou acte \u00e0 caract\u00e8re raciste, x\u00e9nophobe ou discriminant.<\/p>\n\n\n\n<p><strong>Article 7<\/strong> : Nous restons dignes dans la victoire comme dans la d\u00e9faite et nous nous comportons en v\u00e9ritables ambassadeurs du club en veillant \u00e0 respecter les principes repris ci-dessus.<\/p>\n\n\n\n<p><strong>Article 8<\/strong> : Notre club officiel de supporters du RFCL sera toujours repr\u00e9sent\u00e9 par des personnes qui ne sont pas sous le coup d\u2019une interdiction de stade. Lors des d\u00e9placements en car organis\u00e9s par le club officiel de supporters, les tickets seront pay\u00e9s au comptant apr\u00e8s production d\u2019une liste des b\u00e9n\u00e9ficiaires lesquels ne seront pas sous le coup d\u2019une interdiction de stade et le d\u00e9placement du car sera organis\u00e9 de mani\u00e8re telle qu\u2019en aucun cas des interdits de stade ne soient amen\u00e9s dans le p\u00e9rim\u00e8tre de s\u00e9curit\u00e9 autour du stade.<\/p>\n\n\n\n<p><strong>Article 9<\/strong> : Nous veillerons \u00e0 r\u00e9pondre aux invitations du club \u00e0 participer \u00e0 des workshops ou s\u00e9ances d\u2019information.<\/p>\n\n\n\n<p><strong>Article 10<\/strong> : Notamment en cas d\u2019infractions \u00e0 la loi football ou de poursuites disciplinaires, notre club officiel de supporters du RFCL acceptera les mesures arr\u00eat\u00e9es par la direction et veillera \u00e0 ce qu\u2019elles soient respect\u00e9es. Aucune sanction ne sera prise avant une entrevue entre la direction du club et les repr\u00e9sentants du club officiel de supporters.<\/p>\n\n\n\n<p><strong><a href=\"https:\/\/fcliege.be\/fr\/wp-content\/uploads\/2022\/09\/charterfcl.pdf\" target=\"_blank\" rel=\"noopener\">&gt; T\u00c9L\u00c9CHARGEZ LA CHARTE AU FORMAT PDF<\/a><\/strong><\/p>\n\n\n\n<hr class=\"wp-block-separator has-alpha-channel-opacity\"\/>\n\n\n\n<h4 class=\"wp-block-heading\"><strong>CLUBS DE SUPPORTERS OFFICIELS DU RFCL<\/strong><\/h4>\n\n\n\n<p>Les clubs de supp\u200borters mentionn\u00e9s ci-dessous ont tous sign\u00e9 la charte des clubs officiels.<\/p>\n\n\n\n<p><strong>SANG &amp; MARINE<\/strong><\/p>\n\n\n<div class=\"wp-block-image\">\n<figure class=\"alignright size-full\"><img decoding=\"async\" loading=\"lazy\" width=\"104\" height=\"120\" src=\"https:\/\/fcliege.be\/fr\/wp-content\/uploads\/2022\/12\/sm.png\" alt=\"\" class=\"wp-image-20531\"\/><\/figure><\/div>\n\n\n<p>D\u00e9part des cars : caf\u00e9 l&rsquo;Entit\u00e9, rue des messes 1, 4432 Alleur<\/p>\n\n\n\n<p>Pr\u00e9sidente : Marie-Th\u00e9r\u00e8se <strong>P\u00e2que<br><\/strong>mth.paque@gmail.com &#8211; 0476 840929<\/p>\n\n\n\n<p>Secr\u00e9taire : Laurence <strong>Deom<br><\/strong>deomlaurence@gmail.com &#8211; 0484 123800<\/p>\n\n\n\n<p>Tr\u00e9sorier : Andrea <strong>Morreale<br><\/strong>toutoune1892@gmail.com &#8211; +352 691 505803<\/p>\n\n\n\n<hr class=\"wp-block-separator has-alpha-channel-opacity\"\/>\n\n\n<div class=\"wp-block-image\">\n<figure class=\"alignright size-full is-resized\"><img decoding=\"async\" loading=\"lazy\" src=\"https:\/\/fcliege.be\/fr\/wp-content\/uploads\/2022\/12\/sectionnaniot.jpg\" alt=\"\" class=\"wp-image-20532\" width=\"122\" height=\"116\"\/><\/figure><\/div>\n\n\n<p><strong>SECTION NANIOT<\/strong><\/p>\n\n\n\n<p>Responsable : Lambert <strong>Serlez<br><\/strong>Rue des Trois Rois 120, 4430 Ans<br>0485 201654<\/p>\n\n\n\n<hr class=\"wp-block-separator has-alpha-channel-opacity\"\/>\n\n\n<div class=\"wp-block-image\">\n<figure class=\"alignright is-resized\"><img decoding=\"async\" loading=\"lazy\" src=\"https:\/\/fcliege.be\/fr\/wp-content\/uploads\/2022\/09\/m4-300x300.jpeg\" alt=\"\" class=\"wp-image-19506\" width=\"121\" height=\"120\" srcset=\"https:\/\/fcliege.be\/fr\/wp-content\/uploads\/2022\/09\/m4-300x300.jpeg 300w, https:\/\/fcliege.be\/fr\/wp-content\/uploads\/2022\/09\/m4-150x150.jpeg 150w, https:\/\/fcliege.be\/fr\/wp-content\/uploads\/2022\/09\/m4.jpeg 650w\" sizes=\"(max-width: 121px) 100vw, 121px\" \/><\/figure><\/div>\n\n\n<p><strong>M4<\/strong><\/p>\n\n\n\n<p>D\u00e9part des cars : stade de Rocourt<br>Contact :&nbsp;m4.rocourt@gmail.com<br>Facebook : <a href=\"https:\/\/www.facebook.com\/groups\/3082801682030173\" target=\"_blank\" rel=\"noopener\">cliquez ici<\/a><\/p>\n\n\n\n<p>Pr\u00e9sident : Fabian <strong>Doucy<\/strong><\/p>\n\n\n\n<hr class=\"wp-block-separator has-alpha-channel-opacity\"\/>\n\n\n\n<p><strong>MATRICULE 4 BASSE MEUSE<\/strong><\/p>\n\n\n\n<p>Si\u00e8ge : caf\u00e9 le Chenay, rue vis\u00e9 voie 2, 4680 Oupeye<br>Contact : m4bassemeuse@outlook.be<\/p>\n\n\n<div class=\"wp-block-image\">\n<figure class=\"alignright is-resized\"><img decoding=\"async\" loading=\"lazy\" src=\"https:\/\/fcliege.be\/fr\/wp-content\/uploads\/2022\/09\/matricule4bassemeuse-239x300.jpg\" alt=\"\" class=\"wp-image-19509\" width=\"120\" height=\"150\" srcset=\"https:\/\/fcliege.be\/fr\/wp-content\/uploads\/2022\/09\/matricule4bassemeuse-239x300.jpg 239w, https:\/\/fcliege.be\/fr\/wp-content\/uploads\/2022\/09\/matricule4bassemeuse-768x965.jpg 768w, https:\/\/fcliege.be\/fr\/wp-content\/uploads\/2022\/09\/matricule4bassemeuse-815x1024.jpg 815w, https:\/\/fcliege.be\/fr\/wp-content\/uploads\/2022\/09\/matricule4bassemeuse.jpg 963w\" sizes=\"(max-width: 120px) 100vw, 120px\" \/><\/figure><\/div>\n\n\n<p>Pr\u00e9sident : Thierry <strong>Nizet<\/strong> (fils)<br>0497 276290<\/p>\n\n\n\n<p>Vice pr\u00e9sident : Ludovic <strong>Krzak<br><\/strong>ludo.krzak@hotmail.fr &#8211; 0471 583320<\/p>\n\n\n\n<p>Secr\u00e9taire : Thierry <strong>Nizet<\/strong> (p\u00e8re)<br>tnizet@yahoo.fr &#8211; 0499 125803<\/p>\n\n\n\n<p>Secr\u00e9taire : Yannick <strong>Stockmans<\/strong><br>stockmans.yannick@gmail.com<\/p>\n\n\n\n<hr class=\"wp-block-separator has-alpha-channel-opacity\"\/>\n\n\n\n<p><strong>MATRICULE 4 NORD LUXEMBOURG (M4NL)<\/strong><\/p>\n\n\n<div class=\"wp-block-image\">\n<figure class=\"alignright is-resized\"><img decoding=\"async\" loading=\"lazy\" src=\"https:\/\/fcliege.be\/fr\/wp-content\/uploads\/2022\/10\/m4nl-272x300.png\" alt=\"\" class=\"wp-image-20026\" width=\"136\" height=\"150\"\/><\/figure><\/div>\n\n\n<p>Si\u00e8ge social : Marche-en-Famenne<\/p>\n\n\n\n<p>Pr\u00e9sident : Jean-Fran\u00e7ois <strong>Dewez<\/strong><\/p>\n\n\n\n<p>Tr\u00e9sorier : Simon <strong>Habran<\/strong><\/p>\n\n\n\n<p>Secr\u00e9taire &amp; communication : Pierre <strong>Guerinckx<\/strong><br>pierre.guerinckx@gmail.com &#8211; 0496 690877<\/p>\n\n\n\n<hr class=\"wp-block-separator has-alpha-channel-opacity\"\/>\n\n\n<div class=\"wp-block-image\">\n<figure class=\"alignright size-full is-resized\"><img decoding=\"async\" loading=\"lazy\" src=\"https:\/\/fcliege.be\/fr\/wp-content\/uploads\/2022\/12\/johan1892-1.png\" alt=\"\" class=\"wp-image-20537\" width=\"128\" height=\"150\"\/><\/figure><\/div>\n\n\n<p><strong>JOHAN 1892<\/strong><\/p>\n\n\n\n<p>D\u00e9part des cars : Caf\u00e9 Sainte-Walburge, rue Sainte-Walburge 355 \u00e0 Li\u00e8ge.<\/p>\n\n\n\n<p>Contact : Nathan <strong>Lacomble<\/strong><br>nathanlacomble@gmail.com<\/p>\n\n\n\n<hr class=\"wp-block-separator has-alpha-channel-opacity\"\/>\n\n\n\n<p><strong>1892 LEADER<\/strong><\/p>\n\n\n<div class=\"wp-block-image\">\n<figure class=\"alignright size-full is-resized\"><img decoding=\"async\" loading=\"lazy\" src=\"https:\/\/fcliege.be\/fr\/wp-content\/uploads\/2023\/01\/1892leader-1.jpg\" alt=\"\" class=\"wp-image-20586\" width=\"137\" height=\"150\"\/><\/figure><\/div>\n\n\n<p>D\u00e9part des cars : Caf\u00e9 Chez Carine, rue Sainte Walburge 47 \u00e0 Li\u00e8ge<\/p>\n\n\n\n<p>Pr\u00e9sident : Didier <strong>Berger<\/strong><br>didierisa1892@hotmail.com &#8211; 0499 402276<\/p>\n\n\n\n<p>Responsable : Jean-Fran\u00e7ois <strong>Boonen<\/strong><br>jefrfcl@gmail.com &#8211; 0468 539501<\/p>\n","protected":false},"excerpt":{"rendered":"<p>CHARTE DES CLUBS OFFICIELS DE SUPPORTERS DU RFCL Article 1 : Nous, supporters, faisons de chaque rencontre sportive un moment privil\u00e9gi\u00e9, une f\u00eate, quelle que soit l\u2019importance de l\u2019enjeu. Article 2 : Nous nous conformons aux r\u00e8gles et \u00e0 l\u2019\u00e9thique sportive, notamment en respectant le corps arbitral, les dirigeants, les joueurs ainsi que les autres [&hellip;]<\/p>\n","protected":false},"author":1,"featured_media":0,"parent":0,"menu_order":0,"comment_status":"closed","ping_status":"closed","template":"page.php","meta":{"iawp_total_views":452},"_links":{"self":[{"href":"https:\/\/fcliege.be\/fr\/wp-json\/wp\/v2\/pages\/599"}],"collection":[{"href":"https:\/\/fcliege.be\/fr\/wp-json\/wp\/v2\/pages"}],"about":[{"href":"https:\/\/fcliege.be\/fr\/wp-json\/wp\/v2\/types\/page"}],"author":[{"embeddable":true,"href":"https:\/\/fcliege.be\/fr\/wp-json\/wp\/v2\/users\/1"}],"replies":[{"embeddable":true,"href":"https:\/\/fcliege.be\/fr\/wp-json\/wp\/v2\/comments?post=599"}],"version-history":[{"count":78,"href":"https:\/\/fcliege.be\/fr\/wp-json\/wp\/v2\/pages\/599\/revisions"}],"predecessor-version":[{"id":31892,"href":"https:\/\/fcliege.be\/fr\/wp-json\/wp\/v2\/pages\/599\/revisions\/31892"}],"wp:attachment":[{"href":"https:\/\/fcliege.be\/fr\/wp-json\/wp\/v2\/media?parent=599"}],"curies":[{"name":"wp","href":"https:\/\/api.w.org\/{rel}","templated":true}]}}