{"id":9794,"date":"2017-08-02T11:50:34","date_gmt":"2017-08-02T10:50:34","guid":{"rendered":"http:\/\/fcliege.be\/fr\/?page_id=9794"},"modified":"2026-01-24T01:33:15","modified_gmt":"2026-01-23T23:33:15","slug":"secretariat-permanences","status":"publish","type":"page","link":"https:\/\/fcliege.be\/fr\/edj\/secretariat-permanences\/","title":{"rendered":"Secr\u00e9tariat &#8211; Permanences"},"content":{"rendered":"\n<h5 class=\"wp-block-heading\"><strong>L\u2019\u00c9cole des Jeunes tient une permanence hebdomadaire \u00e0 Rocourt, au local EDJ, afin de faciliter les d\u00e9marches administratives et le suivi des jeunes.<\/strong><\/h5>\n\n\n\n<p>Cette permanence se tiendra <strong>tous les mercredis de 16h30 \u00e0 21h<\/strong>, en pr\u00e9sence du <strong>Secr\u00e9tariat <\/strong>et du <strong>Correspondant Qualifi\u00e9 du Club<\/strong>.<\/p>\n\n\n\n<p>Le dispositif a pour objectif de centraliser, sur un cr\u00e9neau fixe, les demandes li\u00e9es notamment :<\/p>\n\n\n\n<p>aux <strong>packs \u00e9quipements<\/strong> (retrait, informations, suivi) ;<\/p>\n\n\n\n<p>au <strong>ch\u00e8que sport<\/strong> (renseignements et accompagnement dans les d\u00e9marches) ;<\/p>\n\n\n\n<p>aux <strong>formalit\u00e9s administratives<\/strong> et documents utiles (inscriptions, attestations, affiliations, etc.).<\/p>\n\n\n\n<p>La permanence est organis\u00e9e <strong>\u00e0 Rocourt, au local de l\u2019\u00c9cole des Jeunes<\/strong>.<\/p>\n\n\n\n<p>Vous pouvez aussi contacter le secr\u00e9tariat par mail \u00e0 l\u2019adresse : <a href=\"mailto:secretariat-edj@fcliege.be\" target=\"_blank\" rel=\"noreferrer noopener\">secretariat-edj@fcliege.be<\/a><\/p>\n","protected":false},"excerpt":{"rendered":"<p>L\u2019\u00c9cole des Jeunes tient une permanence hebdomadaire \u00e0 Rocourt, au local EDJ, afin de faciliter les d\u00e9marches administratives et le suivi des jeunes. Cette permanence se tiendra tous les mercredis de 16h30 \u00e0 21h, en pr\u00e9sence du Secr\u00e9tariat et du Correspondant Qualifi\u00e9 du Club. Le dispositif a pour objectif de centraliser, sur un cr\u00e9neau fixe, [&hellip;]<\/p>\n","protected":false},"author":9,"featured_media":0,"parent":42,"menu_order":0,"comment_status":"closed","ping_status":"closed","template":"","meta":{"iawp_total_views":487},"_links":{"self":[{"href":"https:\/\/fcliege.be\/fr\/wp-json\/wp\/v2\/pages\/9794"}],"collection":[{"href":"https:\/\/fcliege.be\/fr\/wp-json\/wp\/v2\/pages"}],"about":[{"href":"https:\/\/fcliege.be\/fr\/wp-json\/wp\/v2\/types\/page"}],"author":[{"embeddable":true,"href":"https:\/\/fcliege.be\/fr\/wp-json\/wp\/v2\/users\/9"}],"replies":[{"embeddable":true,"href":"https:\/\/fcliege.be\/fr\/wp-json\/wp\/v2\/comments?post=9794"}],"version-history":[{"count":15,"href":"https:\/\/fcliege.be\/fr\/wp-json\/wp\/v2\/pages\/9794\/revisions"}],"predecessor-version":[{"id":31205,"href":"https:\/\/fcliege.be\/fr\/wp-json\/wp\/v2\/pages\/9794\/revisions\/31205"}],"up":[{"embeddable":true,"href":"https:\/\/fcliege.be\/fr\/wp-json\/wp\/v2\/pages\/42"}],"wp:attachment":[{"href":"https:\/\/fcliege.be\/fr\/wp-json\/wp\/v2\/media?parent=9794"}],"curies":[{"name":"wp","href":"https:\/\/api.w.org\/{rel}","templated":true}]}}